{"id":48,"date":"2026-02-23T16:53:10","date_gmt":"2026-02-23T15:53:10","guid":{"rendered":"https:\/\/fjosefhenestrosaf.org.bo\/?page_id=48"},"modified":"2026-03-09T15:52:18","modified_gmt":"2026-03-09T14:52:18","slug":"quienes-somos","status":"publish","type":"page","link":"https:\/\/fjosefhenestrosaf.org.bo\/?page_id=48","title":{"rendered":"\u00bfQui\u00e9nes somos?"},"content":{"rendered":"\n<p>La Fundaci\u00f3n Jos\u00e9 Fern\u00e1ndez de Henestrosa fue constituida en el a\u00f1o 2009, con radio de acci\u00f3n en el Departamento de La Paz. Tiene como prop\u00f3sito principal promover la Educaci\u00f3n Alternativa con preferencia en comunidades campesinas ind\u00edgenas y originarias de poblaciones rurales in situaci\u00f3n de riesgo y vulnerabilidad, desde un enfoque de integralidad, g\u00e9nero y medio ambiente, para la mejora de la calidad de vida de la poblaci\u00f3n boliviana.<\/p>\n\n\n\n<p class=\"has-text-align-center\"><strong>LINEAS DE ACCI\u00d3N<\/strong><\/p>\n\n\n\n<ol class=\"wp-block-list\">\n<li>Implementar proyectos de fortalecimiento de las capacidades personales y comunitarias en los campos de educaci\u00f3n, medio ambiente, derechos humanos y desarrollo integral productivo comunitario.<\/li>\n\n\n\n<li>Enfatizar acciones de incidencia a favor de la defensa de los derechos humanos universales de la poblaci\u00f3n  y la prevenci\u00f3n de la violencia y la discriminaci\u00f3n.<\/li>\n\n\n\n<li>Establecer alianzas estrat\u00e9gicas y convenios con otras organizaciones afines para llevar a cabo mayores impactos.<\/li>\n<\/ol>\n\n\n\n<p class=\"has-text-align-center\"><strong>VALORES<\/strong><\/p>\n\n\n\n<ul class=\"wp-block-list\">\n<li><strong>Solidaridad y reciprocidad<\/strong> entre sus afiliados y otras instancias que se adhieran y compartan sus propuestas y experiencias de vida.<\/li>\n\n\n\n<li><strong>Horizontalidad en la forma de trabajo<\/strong>, relacionamiento interno y externo.<\/li>\n\n\n\n<li><strong>Flexibilidad para asumir la diversidad<\/strong> de propuestas, visiones, concepciones, confesiones y formas de vida.<\/li>\n\n\n\n<li><strong>Corresponsabilidad <\/strong>de las<strong> <\/strong>tareas y desaf\u00edos de la Fundaci\u00f3n con las instituciones que desarrollan acciones sin\u00e9rgicas.<\/li>\n\n\n\n<li><strong>Participaci\u00f3n <\/strong>de todos miembros en la din\u00e1mica de la Fundaci\u00f3n y servicio a otras instancias afines.<\/li>\n\n\n\n<li><strong>Respeto a la diversidad<\/strong>, seg\u00fan las caracter\u00edsticas propias de comunidades y de cada uno de los centros de Educaci\u00f3n Alternativa rurales, fundados en las riquezas culturales y espiritualidades propias. <\/li>\n\n\n\n<li><strong>Compromiso y actitud de servicio<\/strong> con los sectores excluidos. <\/li>\n<\/ul>\n\n\n\n<p class=\"has-text-align-center\"><strong>OBJETIVOS.<\/strong><\/p>\n\n\n\n<ul class=\"wp-block-list\">\n<li><strong>Objetivo General. <\/strong>                                                                                  Dinamizar el servicio integral de las comunidades Educativas Alternativas en lo jur\u00eddico- administrativo, t\u00e9cnico- pedag\u00f3gico, econ\u00f3mico- productivo y la espiritualidad, articulando el desarrollo comunitario sustentable.<\/li>\n\n\n\n<li><strong>Objetivos Espec\u00edficos.<\/strong>                                                                                        1) Articular las Comunidades Educativas Alternativas.                                      2) Promover la cualificaci\u00f3n de Educadoras\/es, en \u00e1mbitos socio human\u00edsticos, t\u00e9cnicos- agropecuarios y Educaci\u00f3n Comunitaria Productiva. 3) Desarrollar actividades productivas agroecol\u00f3gicas y cuidado del medio ambiente con las Comunidades rurales, originarias y Pueblos Ind\u00edgenas permitiendo mejorar sus condiciones de vida a trav\u00e9s de la Educaci\u00f3n Alternativa.                                                                                                             4) Implementar programas y proyectos de fortalecimiento institucional y comunitario en los campos de la educaci\u00f3n, cultura, medio ambiente, derechos humanos, producci\u00f3n y desarrollo integral comunitario.      <\/li>\n<\/ul>\n\n\n\n<p class=\"has-text-align-center\"><strong>PROYECTOS IMPLEMENTADOS<\/strong><\/p>\n\n\n\n<p class=\"has-text-align-center\"><strong>\u00abFortalecimiento del derecho humano a la educaci\u00f3n t\u00e9cnica alternativa con el enfoque intercultural y de g\u00e9nero en el Departamento de La Paz- Bolivia\u00bb<\/strong>.<\/p>\n\n\n\n<ul class=\"wp-block-list\">\n<li>A\u00f1o; 2017.<\/li>\n\n\n\n<li>Duraci\u00f3n; 24 meses.<\/li>\n\n\n\n<li>Aliados; AECID- CIC Bat\u00e1.<\/li>\n\n\n\n<li>Centros de Educaci\u00f3n Alternativa de La Paz; Renacer, Aucapata y Hermanos Nilo Cullen.<\/li>\n<\/ul>\n\n\n\n<p><\/p>\n\n\n\n<p class=\"has-text-align-center\"><strong>\u00abEducaci\u00f3n alternativa rural fortaleciendo la soberan\u00eda alimentaria y la organizaci\u00f3n comunal en el Departamento de La Paz- Bolivia\u00bb.\u00a0<\/strong><\/p>\n\n\n\n<ul class=\"wp-block-list\">\n<li>A\u00f1o; 2016.<\/li>\n\n\n\n<li>Duraci\u00f3n; 24 meses.<\/li>\n\n\n\n<li>Aliados; AECID- CIC Bat\u00e1.<\/li>\n\n\n\n<li>Centros de Educaci\u00f3n Alternativa de La Paz; Huayhuasi, Irupana, Ildefonso de las Mu\u00f1ecas y Cotosi.<\/li>\n<\/ul>\n\n\n\n<p class=\"has-text-align-center\"><strong>\u00abFortalecer el ejercicio del Derecho Humano y la Educaci\u00f3n alternativa de personas j\u00f3venes y adultas en el Departamento de La Paz- Bolivia\u00bb<\/strong><\/p>\n\n\n\n<ul class=\"wp-block-list\">\n<li>A\u00f1o; 2014.<\/li>\n\n\n\n<li>Duraci\u00f3n; 24 meses.<\/li>\n\n\n\n<li>Aliados; AECID- CIC Bat\u00e1.<\/li>\n\n\n\n<li>Centros de Educaci\u00f3n Alternativa de La Paz; Qurpa Avelino Si\u00f1ani y Virgen de los Remedios.<\/li>\n<\/ul>\n\n\n\n<p><\/p>\n","protected":false},"excerpt":{"rendered":"<p>La Fundaci\u00f3n Jos\u00e9 Fern\u00e1ndez de Henestrosa fue constituida en el a\u00f1o 2009, con radio de acci\u00f3n en el Departamento de La Paz. Tiene como prop\u00f3sito principal promover la Educaci\u00f3n Alternativa con preferencia en comunidades campesinas ind\u00edgenas y originarias de poblaciones rurales in situaci\u00f3n de riesgo y vulnerabilidad, desde un enfoque de integralidad, g\u00e9nero y medio [&hellip;]<\/p>\n","protected":false},"author":1,"featured_media":0,"parent":0,"menu_order":0,"comment_status":"closed","ping_status":"closed","template":"","meta":{"footnotes":""},"class_list":["post-48","page","type-page","status-publish","hentry"],"_links":{"self":[{"href":"https:\/\/fjosefhenestrosaf.org.bo\/index.php?rest_route=\/wp\/v2\/pages\/48","targetHints":{"allow":["GET"]}}],"collection":[{"href":"https:\/\/fjosefhenestrosaf.org.bo\/index.php?rest_route=\/wp\/v2\/pages"}],"about":[{"href":"https:\/\/fjosefhenestrosaf.org.bo\/index.php?rest_route=\/wp\/v2\/types\/page"}],"author":[{"embeddable":true,"href":"https:\/\/fjosefhenestrosaf.org.bo\/index.php?rest_route=\/wp\/v2\/users\/1"}],"replies":[{"embeddable":true,"href":"https:\/\/fjosefhenestrosaf.org.bo\/index.php?rest_route=%2Fwp%2Fv2%2Fcomments&post=48"}],"version-history":[{"count":15,"href":"https:\/\/fjosefhenestrosaf.org.bo\/index.php?rest_route=\/wp\/v2\/pages\/48\/revisions"}],"predecessor-version":[{"id":158,"href":"https:\/\/fjosefhenestrosaf.org.bo\/index.php?rest_route=\/wp\/v2\/pages\/48\/revisions\/158"}],"wp:attachment":[{"href":"https:\/\/fjosefhenestrosaf.org.bo\/index.php?rest_route=%2Fwp%2Fv2%2Fmedia&parent=48"}],"curies":[{"name":"wp","href":"https:\/\/api.w.org\/{rel}","templated":true}]}}