{"id":117,"date":"2026-03-03T16:19:30","date_gmt":"2026-03-03T15:19:30","guid":{"rendered":"https:\/\/fjosefhenestrosaf.org.bo\/?page_id=117"},"modified":"2026-03-09T15:53:59","modified_gmt":"2026-03-09T14:53:59","slug":"galeria","status":"publish","type":"page","link":"https:\/\/fjosefhenestrosaf.org.bo\/?page_id=117","title":{"rendered":"Galeria"},"content":{"rendered":"\n<div class=\"wp-block-columns is-layout-flex wp-container-core-columns-is-layout-28f84493 wp-block-columns-is-layout-flex\">\n<div class=\"wp-block-column is-vertically-aligned-top is-layout-flow wp-block-column-is-layout-flow\">\n<p><strong>PROYECTO: FORTALECER EL EJERCICIO DEL DERECHO HUMANO Y LA EDUCACI\u00d3N ALTERNATIVA DE PERSONAS J\u00d3VENES Y ADULTAS EN LA PAZ- BOLIVIA (14-PR1-6836) AECID.<\/strong><\/p>\n\n\n\n<p><strong>CEA\/ CETHA Qurpa Avelino Si\u00f1ani.<\/strong><\/p>\n\n\n\n<ul class=\"wp-block-list\">\n<li>Taller de manejo de ganado lechero y cam\u00e9lidos.<\/li>\n<\/ul>\n<\/div>\n<\/div>\n\n\n\n<figure class=\"wp-block-image size-large\"><img loading=\"lazy\" decoding=\"async\" width=\"1024\" height=\"768\" src=\"https:\/\/fjosefhenestrosaf.org.bo\/wp-content\/uploads\/2026\/03\/DSCN0088-1024x768.jpg\" alt=\"\" class=\"wp-image-126\" srcset=\"https:\/\/fjosefhenestrosaf.org.bo\/wp-content\/uploads\/2026\/03\/DSCN0088-1024x768.jpg 1024w, https:\/\/fjosefhenestrosaf.org.bo\/wp-content\/uploads\/2026\/03\/DSCN0088-300x225.jpg 300w, https:\/\/fjosefhenestrosaf.org.bo\/wp-content\/uploads\/2026\/03\/DSCN0088-768x576.jpg 768w, https:\/\/fjosefhenestrosaf.org.bo\/wp-content\/uploads\/2026\/03\/DSCN0088-1536x1152.jpg 1536w, https:\/\/fjosefhenestrosaf.org.bo\/wp-content\/uploads\/2026\/03\/DSCN0088-2048x1536.jpg 2048w\" sizes=\"auto, (max-width: 1024px) 100vw, 1024px\" \/><\/figure>\n\n\n\n<figure class=\"wp-block-image size-large\"><img loading=\"lazy\" decoding=\"async\" width=\"1024\" height=\"678\" src=\"http:\/\/fjosefhenestrosaf.org.bo\/wp-content\/uploads\/2026\/03\/DSC_0071-1024x678.jpg\" alt=\"\" class=\"wp-image-124\" srcset=\"https:\/\/fjosefhenestrosaf.org.bo\/wp-content\/uploads\/2026\/03\/DSC_0071-1024x678.jpg 1024w, https:\/\/fjosefhenestrosaf.org.bo\/wp-content\/uploads\/2026\/03\/DSC_0071-300x199.jpg 300w, https:\/\/fjosefhenestrosaf.org.bo\/wp-content\/uploads\/2026\/03\/DSC_0071-768x509.jpg 768w, https:\/\/fjosefhenestrosaf.org.bo\/wp-content\/uploads\/2026\/03\/DSC_0071-1536x1017.jpg 1536w, https:\/\/fjosefhenestrosaf.org.bo\/wp-content\/uploads\/2026\/03\/DSC_0071-2048x1356.jpg 2048w\" sizes=\"auto, (max-width: 1024px) 100vw, 1024px\" \/><\/figure>\n\n\n\n<p><strong>CEA\/CETHA Virgen de los Remedios- Tacacoma.<\/strong><\/p>\n\n\n\n<ul class=\"wp-block-list\">\n<li>Criadero de truchas.<\/li>\n<\/ul>\n\n\n\n<figure class=\"wp-block-image size-large\"><img loading=\"lazy\" decoding=\"async\" width=\"1024\" height=\"768\" src=\"https:\/\/fjosefhenestrosaf.org.bo\/wp-content\/uploads\/2026\/03\/27-b-1024x768.jpg\" alt=\"\" class=\"wp-image-127\" srcset=\"https:\/\/fjosefhenestrosaf.org.bo\/wp-content\/uploads\/2026\/03\/27-b-1024x768.jpg 1024w, https:\/\/fjosefhenestrosaf.org.bo\/wp-content\/uploads\/2026\/03\/27-b-300x225.jpg 300w, https:\/\/fjosefhenestrosaf.org.bo\/wp-content\/uploads\/2026\/03\/27-b-768x576.jpg 768w, https:\/\/fjosefhenestrosaf.org.bo\/wp-content\/uploads\/2026\/03\/27-b-1536x1152.jpg 1536w, https:\/\/fjosefhenestrosaf.org.bo\/wp-content\/uploads\/2026\/03\/27-b-2048x1536.jpg 2048w\" sizes=\"auto, (max-width: 1024px) 100vw, 1024px\" \/><\/figure>\n\n\n\n<figure class=\"wp-block-gallery has-nested-images columns-default is-cropped wp-block-gallery-1 is-layout-flex wp-block-gallery-is-layout-flex\">\n<figure class=\"wp-block-image size-large\"><img loading=\"lazy\" decoding=\"async\" width=\"900\" height=\"675\" data-id=\"128\" src=\"https:\/\/fjosefhenestrosaf.org.bo\/wp-content\/uploads\/2026\/03\/bfef6034dab7e57f223e48f4dcf3e90d_XL.jpg\" alt=\"\" class=\"wp-image-128\" srcset=\"https:\/\/fjosefhenestrosaf.org.bo\/wp-content\/uploads\/2026\/03\/bfef6034dab7e57f223e48f4dcf3e90d_XL.jpg 900w, https:\/\/fjosefhenestrosaf.org.bo\/wp-content\/uploads\/2026\/03\/bfef6034dab7e57f223e48f4dcf3e90d_XL-300x225.jpg 300w, https:\/\/fjosefhenestrosaf.org.bo\/wp-content\/uploads\/2026\/03\/bfef6034dab7e57f223e48f4dcf3e90d_XL-768x576.jpg 768w\" sizes=\"auto, (max-width: 900px) 100vw, 900px\" \/><\/figure>\n<\/figure>\n\n\n\n<p><strong>PROYECTO: EDUCACI\u00d3N ALTERNATIVA RURAL FORTALECIENDO LA SOBERAN\u00cdA ALIMENTARIA Y LA ORGANIZACI\u00d3N COMUNAL EN LA PAZ- BOLIVIA.\u00a0 2016 PR1-0262. AECID.<\/strong><\/p>\n\n\n\n<p><strong>CEA Huayhuasi- Ingavi.<\/strong><\/p>\n\n\n\n<ul class=\"wp-block-list\">\n<li>Taller alimentaci\u00f3n balanceada para ganado lechero.<\/li>\n<\/ul>\n\n\n\n<figure class=\"wp-block-image size-large\"><img loading=\"lazy\" decoding=\"async\" width=\"1024\" height=\"768\" src=\"https:\/\/fjosefhenestrosaf.org.bo\/wp-content\/uploads\/2026\/03\/DSCN0749-1-1024x768.jpg\" alt=\"\" class=\"wp-image-136\" srcset=\"https:\/\/fjosefhenestrosaf.org.bo\/wp-content\/uploads\/2026\/03\/DSCN0749-1-1024x768.jpg 1024w, https:\/\/fjosefhenestrosaf.org.bo\/wp-content\/uploads\/2026\/03\/DSCN0749-1-300x225.jpg 300w, https:\/\/fjosefhenestrosaf.org.bo\/wp-content\/uploads\/2026\/03\/DSCN0749-1-768x576.jpg 768w, https:\/\/fjosefhenestrosaf.org.bo\/wp-content\/uploads\/2026\/03\/DSCN0749-1-1536x1152.jpg 1536w, https:\/\/fjosefhenestrosaf.org.bo\/wp-content\/uploads\/2026\/03\/DSCN0749-1-2048x1536.jpg 2048w\" sizes=\"auto, (max-width: 1024px) 100vw, 1024px\" \/><\/figure>\n\n\n\n<p><strong>CEA IRUPANA.<\/strong><\/p>\n\n\n\n<ul class=\"wp-block-list\">\n<li>Visita parcelas producci\u00f3n diversificada.<\/li>\n<\/ul>\n\n\n\n<figure class=\"wp-block-image size-large\"><img loading=\"lazy\" decoding=\"async\" width=\"1024\" height=\"768\" src=\"https:\/\/fjosefhenestrosaf.org.bo\/wp-content\/uploads\/2026\/03\/IMG_20180726_121958-1024x768.jpg\" alt=\"\" class=\"wp-image-142\" srcset=\"https:\/\/fjosefhenestrosaf.org.bo\/wp-content\/uploads\/2026\/03\/IMG_20180726_121958-1024x768.jpg 1024w, https:\/\/fjosefhenestrosaf.org.bo\/wp-content\/uploads\/2026\/03\/IMG_20180726_121958-300x225.jpg 300w, https:\/\/fjosefhenestrosaf.org.bo\/wp-content\/uploads\/2026\/03\/IMG_20180726_121958-768x576.jpg 768w, https:\/\/fjosefhenestrosaf.org.bo\/wp-content\/uploads\/2026\/03\/IMG_20180726_121958-1536x1152.jpg 1536w, https:\/\/fjosefhenestrosaf.org.bo\/wp-content\/uploads\/2026\/03\/IMG_20180726_121958-2048x1536.jpg 2048w\" sizes=\"auto, (max-width: 1024px) 100vw, 1024px\" \/><\/figure>\n\n\n\n<p>CEA Ildefonso de las Mu\u00f1ecas- Chuma. <\/p>\n\n\n\n<ul class=\"wp-block-list\">\n<li>Intercambio intercultural.<\/li>\n<\/ul>\n\n\n\n<figure class=\"wp-block-image size-large\"><img loading=\"lazy\" decoding=\"async\" width=\"1024\" height=\"768\" src=\"https:\/\/fjosefhenestrosaf.org.bo\/wp-content\/uploads\/2026\/03\/IMG_20180817_131246-1024x768.jpg\" alt=\"\" class=\"wp-image-144\" srcset=\"https:\/\/fjosefhenestrosaf.org.bo\/wp-content\/uploads\/2026\/03\/IMG_20180817_131246-1024x768.jpg 1024w, https:\/\/fjosefhenestrosaf.org.bo\/wp-content\/uploads\/2026\/03\/IMG_20180817_131246-300x225.jpg 300w, https:\/\/fjosefhenestrosaf.org.bo\/wp-content\/uploads\/2026\/03\/IMG_20180817_131246-768x576.jpg 768w, https:\/\/fjosefhenestrosaf.org.bo\/wp-content\/uploads\/2026\/03\/IMG_20180817_131246-1536x1152.jpg 1536w, https:\/\/fjosefhenestrosaf.org.bo\/wp-content\/uploads\/2026\/03\/IMG_20180817_131246-2048x1536.jpg 2048w\" sizes=\"auto, (max-width: 1024px) 100vw, 1024px\" \/><\/figure>\n\n\n\n<p><\/p>\n\n\n\n<p><strong>PROYECTO: FORTALECIMIENTO DEL DERECHO HUMANO A LA EDUCACI\u00d3N T\u00c9CNICA ALTERNATIVA CON EL ENFOQUE INTERCULTURAL Y DE G\u00c9NERO EN LA PAZ- EN BOLIVIA. 2017-PRYC\/000093. AECID.<\/strong><\/p>\n\n\n\n<p>CEA Aucapata.<\/p>\n\n\n\n<ul class=\"wp-block-list\">\n<li>Taller de g\u00e9nero con facilitadoras y facilitadores. <\/li>\n<\/ul>\n\n\n\n<figure class=\"wp-block-image size-large is-resized\"><img loading=\"lazy\" decoding=\"async\" width=\"1024\" height=\"768\" src=\"https:\/\/fjosefhenestrosaf.org.bo\/wp-content\/uploads\/2026\/03\/IMG_20180815_144306-1024x768.jpg\" alt=\"\" class=\"wp-image-148\" style=\"width:559px;height:auto\" srcset=\"https:\/\/fjosefhenestrosaf.org.bo\/wp-content\/uploads\/2026\/03\/IMG_20180815_144306-1024x768.jpg 1024w, https:\/\/fjosefhenestrosaf.org.bo\/wp-content\/uploads\/2026\/03\/IMG_20180815_144306-300x225.jpg 300w, https:\/\/fjosefhenestrosaf.org.bo\/wp-content\/uploads\/2026\/03\/IMG_20180815_144306-768x576.jpg 768w, https:\/\/fjosefhenestrosaf.org.bo\/wp-content\/uploads\/2026\/03\/IMG_20180815_144306-1536x1152.jpg 1536w, https:\/\/fjosefhenestrosaf.org.bo\/wp-content\/uploads\/2026\/03\/IMG_20180815_144306-2048x1536.jpg 2048w\" sizes=\"auto, (max-width: 1024px) 100vw, 1024px\" \/><\/figure>\n\n\n\n<p>CEA Renacer- Coroico.<\/p>\n\n\n\n<ul class=\"wp-block-list\">\n<li>Taller de g\u00e9nero con participantes.<\/li>\n<\/ul>\n\n\n\n<figure class=\"wp-block-gallery has-nested-images columns-default is-cropped wp-block-gallery-2 is-layout-flex wp-block-gallery-is-layout-flex\">\n<figure class=\"wp-block-image size-large\"><img loading=\"lazy\" decoding=\"async\" width=\"450\" height=\"424\" data-id=\"150\" src=\"https:\/\/fjosefhenestrosaf.org.bo\/wp-content\/uploads\/2026\/03\/corico.jpg\" alt=\"\" class=\"wp-image-150\" srcset=\"https:\/\/fjosefhenestrosaf.org.bo\/wp-content\/uploads\/2026\/03\/corico.jpg 450w, https:\/\/fjosefhenestrosaf.org.bo\/wp-content\/uploads\/2026\/03\/corico-300x283.jpg 300w\" sizes=\"auto, (max-width: 450px) 100vw, 450px\" \/><\/figure>\n<\/figure>\n","protected":false},"excerpt":{"rendered":"<p>PROYECTO: FORTALECER EL EJERCICIO DEL DERECHO HUMANO Y LA EDUCACI\u00d3N ALTERNATIVA DE PERSONAS J\u00d3VENES Y ADULTAS EN LA PAZ- BOLIVIA (14-PR1-6836) AECID. CEA\/ CETHA Qurpa Avelino Si\u00f1ani. CEA\/CETHA Virgen de los Remedios- Tacacoma. PROYECTO: EDUCACI\u00d3N ALTERNATIVA RURAL FORTALECIENDO LA SOBERAN\u00cdA ALIMENTARIA Y LA ORGANIZACI\u00d3N COMUNAL EN LA PAZ- BOLIVIA.\u00a0 2016 PR1-0262. AECID. CEA Huayhuasi- Ingavi. [&hellip;]<\/p>\n","protected":false},"author":1,"featured_media":0,"parent":0,"menu_order":0,"comment_status":"closed","ping_status":"closed","template":"","meta":{"footnotes":""},"class_list":["post-117","page","type-page","status-publish","hentry"],"_links":{"self":[{"href":"https:\/\/fjosefhenestrosaf.org.bo\/index.php?rest_route=\/wp\/v2\/pages\/117","targetHints":{"allow":["GET"]}}],"collection":[{"href":"https:\/\/fjosefhenestrosaf.org.bo\/index.php?rest_route=\/wp\/v2\/pages"}],"about":[{"href":"https:\/\/fjosefhenestrosaf.org.bo\/index.php?rest_route=\/wp\/v2\/types\/page"}],"author":[{"embeddable":true,"href":"https:\/\/fjosefhenestrosaf.org.bo\/index.php?rest_route=\/wp\/v2\/users\/1"}],"replies":[{"embeddable":true,"href":"https:\/\/fjosefhenestrosaf.org.bo\/index.php?rest_route=%2Fwp%2Fv2%2Fcomments&post=117"}],"version-history":[{"count":9,"href":"https:\/\/fjosefhenestrosaf.org.bo\/index.php?rest_route=\/wp\/v2\/pages\/117\/revisions"}],"predecessor-version":[{"id":160,"href":"https:\/\/fjosefhenestrosaf.org.bo\/index.php?rest_route=\/wp\/v2\/pages\/117\/revisions\/160"}],"wp:attachment":[{"href":"https:\/\/fjosefhenestrosaf.org.bo\/index.php?rest_route=%2Fwp%2Fv2%2Fmedia&parent=117"}],"curies":[{"name":"wp","href":"https:\/\/api.w.org\/{rel}","templated":true}]}}